{"id":47,"date":"2025-08-25T18:33:03","date_gmt":"2025-08-25T16:33:03","guid":{"rendered":"http:\/\/latelierdesressources.com\/index.php\/about\/"},"modified":"2025-11-16T12:45:05","modified_gmt":"2025-11-16T11:45:05","slug":"qui-suis-je","status":"publish","type":"page","link":"https:\/\/latelierdesressources.com\/index.php\/qui-suis-je\/","title":{"rendered":"Qui suis-je ?"},"content":{"rendered":"<style>.kb-row-layout-id47_c7adcf-27 > .kt-row-column-wrap{align-content:center;}:where(.kb-row-layout-id47_c7adcf-27 > .kt-row-column-wrap) > .wp-block-kadence-column{justify-content:center;}.kb-row-layout-id47_c7adcf-27 > .kt-row-column-wrap{column-gap:var(--global-kb-gap-md, 2rem);row-gap:var(--global-kb-gap-md, 2rem);max-width:var( --global-content-width, 1290px );padding-left:var(--global-content-edge-padding);padding-right:var(--global-content-edge-padding);padding-top:var(--global-kb-spacing-xxl, 5rem);padding-bottom:var(--global-kb-spacing-xxl, 5rem);min-height:450px;grid-template-columns:minmax(0, 1fr);}.kb-row-layout-id47_c7adcf-27{background-image:url('http:\/\/latelierdesressources.com\/wp-content\/uploads\/2025\/09\/3341.jpg');background-size:cover;background-position:44% 100%;background-attachment:fixed;background-repeat:no-repeat;}.kb-row-layout-id47_c7adcf-27 > .kt-row-layout-overlay{opacity:0.75;background:linear-gradient(90deg,var(--global-palette1) 0%,var(--global-palette2) 100%);}@media all and (max-width: 1024px), only screen and (min-device-width: 1024px) and (max-device-width: 1366px) and (-webkit-min-device-pixel-ratio: 2) and (hover: none){.kb-row-layout-id47_c7adcf-27{background-attachment:scroll;}}@media all and (max-width: 1024px){.kb-row-layout-id47_c7adcf-27 > .kt-row-column-wrap{grid-template-columns:minmax(0, 1fr);}}@media all and (max-width: 767px){.kb-row-layout-id47_c7adcf-27 > .kt-row-column-wrap{grid-template-columns:minmax(0, 1fr);}}<\/style><div class=\"kb-row-layout-wrap kb-row-layout-id47_c7adcf-27 alignfull kt-row-has-bg wp-block-kadence-rowlayout\"><div class=\"kt-row-layout-overlay kt-row-overlay-gradient\"><\/div><div class=\"kt-row-column-wrap kt-has-1-columns kt-row-layout-equal kt-tab-layout-inherit kt-mobile-layout-row kt-row-valign-middle kb-theme-content-width\">\n<style>.kadence-column47_5ab43f-04 > .kt-inside-inner-col,.kadence-column47_5ab43f-04 > .kt-inside-inner-col:before{border-top-left-radius:0px;border-top-right-radius:0px;border-bottom-right-radius:0px;border-bottom-left-radius:0px;}.kadence-column47_5ab43f-04 > .kt-inside-inner-col{column-gap:var(--global-kb-gap-sm, 1rem);}.kadence-column47_5ab43f-04 > .kt-inside-inner-col{flex-direction:column;}.kadence-column47_5ab43f-04 > .kt-inside-inner-col > .aligncenter{width:100%;}.kadence-column47_5ab43f-04 > .kt-inside-inner-col:before{opacity:0.3;}.kadence-column47_5ab43f-04{position:relative;}@media all and (max-width: 1024px){.kadence-column47_5ab43f-04 > .kt-inside-inner-col{flex-direction:column;justify-content:center;}}@media all and (max-width: 767px){.kadence-column47_5ab43f-04 > .kt-inside-inner-col{flex-direction:column;justify-content:center;}}<\/style>\n<div class=\"wp-block-kadence-column kadence-column47_5ab43f-04\"><div class=\"kt-inside-inner-col\"><style>.kb-row-layout-id47_abbaa4-7b > .kt-row-column-wrap{align-content:start;}:where(.kb-row-layout-id47_abbaa4-7b > .kt-row-column-wrap) > .wp-block-kadence-column{justify-content:start;}.kb-row-layout-id47_abbaa4-7b > .kt-row-column-wrap{column-gap:var(--global-kb-gap-md, 2rem);row-gap:var(--global-kb-gap-md, 2rem);max-width:800px;margin-left:auto;margin-right:auto;padding-top:0px;padding-right:0px;padding-bottom:0px;padding-left:0px;grid-template-columns:minmax(0, 1fr);}.kb-row-layout-id47_abbaa4-7b > .kt-row-layout-overlay{opacity:0.30;}@media all and (max-width: 1024px){.kb-row-layout-id47_abbaa4-7b > .kt-row-column-wrap{grid-template-columns:minmax(0, 1fr);}}@media all and (max-width: 767px){.kb-row-layout-id47_abbaa4-7b > .kt-row-column-wrap{grid-template-columns:minmax(0, 1fr);}}<\/style><div class=\"kb-row-layout-wrap kb-row-layout-id47_abbaa4-7b alignnone wp-block-kadence-rowlayout\"><div class=\"kt-row-column-wrap kt-has-1-columns kt-row-layout-equal kt-tab-layout-inherit kt-mobile-layout-row kt-row-valign-top\">\n<style>.kadence-column47_177e5d-4b > .kt-inside-inner-col,.kadence-column47_177e5d-4b > .kt-inside-inner-col:before{border-top-left-radius:0px;border-top-right-radius:0px;border-bottom-right-radius:0px;border-bottom-left-radius:0px;}.kadence-column47_177e5d-4b > .kt-inside-inner-col{column-gap:var(--global-kb-gap-sm, 1rem);}.kadence-column47_177e5d-4b > .kt-inside-inner-col{flex-direction:column;}.kadence-column47_177e5d-4b > .kt-inside-inner-col > .aligncenter{width:100%;}.kadence-column47_177e5d-4b > .kt-inside-inner-col:before{opacity:0.3;}.kadence-column47_177e5d-4b{position:relative;}@media all and (max-width: 1024px){.kadence-column47_177e5d-4b > .kt-inside-inner-col{flex-direction:column;justify-content:center;}}@media all and (max-width: 767px){.kadence-column47_177e5d-4b > .kt-inside-inner-col{flex-direction:column;justify-content:center;}}<\/style>\n<div class=\"wp-block-kadence-column kadence-column47_177e5d-4b\"><div class=\"kt-inside-inner-col\"><style>.wp-block-kadence-advancedheading.kt-adv-heading47_3ebe7f-60, .wp-block-kadence-advancedheading.kt-adv-heading47_3ebe7f-60[data-kb-block=\"kb-adv-heading47_3ebe7f-60\"]{text-align:center;font-size:var(--global-kb-font-size-xl, 3rem);line-height:1.2;font-style:normal;}.wp-block-kadence-advancedheading.kt-adv-heading47_3ebe7f-60 mark.kt-highlight, .wp-block-kadence-advancedheading.kt-adv-heading47_3ebe7f-60[data-kb-block=\"kb-adv-heading47_3ebe7f-60\"] mark.kt-highlight{font-style:normal;color:#f76a0c;-webkit-box-decoration-break:clone;box-decoration-break:clone;padding-top:0px;padding-right:0px;padding-bottom:0px;padding-left:0px;}<\/style>\n<h2 class=\"kt-adv-heading47_3ebe7f-60 wp-block-kadence-advancedheading has-theme-palette-9-color has-text-color\" data-kb-block=\"kb-adv-heading47_3ebe7f-60\">Marie Broizat<\/h2>\n\n\n<style>.wp-block-kadence-advancedheading.kt-adv-heading47_c2c3c3-12, .wp-block-kadence-advancedheading.kt-adv-heading47_c2c3c3-12[data-kb-block=\"kb-adv-heading47_c2c3c3-12\"]{text-align:center;font-style:normal;}.wp-block-kadence-advancedheading.kt-adv-heading47_c2c3c3-12 mark.kt-highlight, .wp-block-kadence-advancedheading.kt-adv-heading47_c2c3c3-12[data-kb-block=\"kb-adv-heading47_c2c3c3-12\"] mark.kt-highlight{font-style:normal;color:#f76a0c;-webkit-box-decoration-break:clone;box-decoration-break:clone;padding-top:0px;padding-right:0px;padding-bottom:0px;padding-left:0px;}<\/style>\n<p class=\"kt-adv-heading47_c2c3c3-12 wp-block-kadence-advancedheading has-theme-palette-9-color has-text-color\" data-kb-block=\"kb-adv-heading47_c2c3c3-12\">Une approche douce qui favorise la d\u00e9tente et la gestion du stress.<\/p>\n<\/div><\/div>\n\n<\/div><\/div><\/div><\/div>\n\n<\/div><\/div>\n\n<style>.kb-row-layout-id47_c11d5f-8c > .kt-row-column-wrap{align-content:center;}:where(.kb-row-layout-id47_c11d5f-8c > .kt-row-column-wrap) > .wp-block-kadence-column{justify-content:center;}.kb-row-layout-id47_c11d5f-8c > .kt-row-column-wrap{column-gap:var(--global-kb-gap-md, 2rem);row-gap:var(--global-kb-gap-md, 2rem);max-width:var( --global-content-width, 1290px );padding-left:var(--global-content-edge-padding);padding-right:var(--global-content-edge-padding);padding-top:var(--global-kb-spacing-xxl, 5rem);padding-bottom:var(--global-kb-spacing-xxl, 5rem);grid-template-columns:minmax(0, calc(45% - ((var(--global-kb-gap-md, 2rem) * 1 )\/2)))minmax(0, calc(55% - ((var(--global-kb-gap-md, 2rem) * 1 )\/2)));}.kb-row-layout-id47_c11d5f-8c > .kt-row-layout-overlay{opacity:0.30;}@media all and (max-width: 1024px){.kb-row-layout-id47_c11d5f-8c > .kt-row-column-wrap{grid-template-columns:minmax(0, 1fr);}}@media all and (max-width: 767px){.kb-row-layout-id47_c11d5f-8c > .kt-row-column-wrap{padding-top:var(--global-kb-spacing-xl, 4rem);padding-bottom:var(--global-kb-spacing-xl, 4rem);grid-template-columns:minmax(0, 1fr);}}<\/style><div class=\"kb-row-layout-wrap kb-row-layout-id47_c11d5f-8c alignnone has-theme-palette8-background-color kt-row-has-bg wp-block-kadence-rowlayout\"><div class=\"kt-row-column-wrap kt-has-2-columns kt-row-layout-equal kt-tab-layout-row kt-mobile-layout-row kt-row-valign-middle kb-theme-content-width\">\n<style>.kadence-column47_f98250-f9 > .kt-inside-inner-col,.kadence-column47_f98250-f9 > .kt-inside-inner-col:before{border-top-left-radius:0px;border-top-right-radius:0px;border-bottom-right-radius:0px;border-bottom-left-radius:0px;}.kadence-column47_f98250-f9 > .kt-inside-inner-col{column-gap:var(--global-kb-gap-sm, 1rem);}.kadence-column47_f98250-f9 > .kt-inside-inner-col{flex-direction:column;}.kadence-column47_f98250-f9 > .kt-inside-inner-col > .aligncenter{width:100%;}.kadence-column47_f98250-f9 > .kt-inside-inner-col:before{opacity:0.3;}.kadence-column47_f98250-f9{position:relative;}@media all and (max-width: 1024px){.kadence-column47_f98250-f9 > .kt-inside-inner-col{flex-direction:column;justify-content:center;}}@media all and (max-width: 767px){.kadence-column47_f98250-f9 > .kt-inside-inner-col{flex-direction:column;justify-content:center;}}<\/style>\n<div class=\"wp-block-kadence-column kadence-column47_f98250-f9 inner-column-1\"><div class=\"kt-inside-inner-col\"><style>.kb-image47_0a77de-d6 .kb-image-has-overlay:after{opacity:0.3;border-top-left-radius:20px;border-top-right-radius:20px;border-bottom-right-radius:20px;border-bottom-left-radius:20px;}.kb-image47_0a77de-d6 img.kb-img, .kb-image47_0a77de-d6 .kb-img img{border-top-left-radius:20px;border-top-right-radius:20px;border-bottom-right-radius:20px;border-bottom-left-radius:20px;}<\/style>\n<div class=\"wp-block-kadence-image kb-image47_0a77de-d6\"><figure class=\"aligncenter size-full kb-image-is-ratio-size\"><div class=\"kb-is-ratio-image kb-image-ratio-port23\"><img loading=\"lazy\" decoding=\"async\" width=\"1709\" height=\"2560\" src=\"http:\/\/latelierdesressources.com\/wp-content\/uploads\/2025\/08\/23-scaled.jpg\" alt=\"\" class=\"kb-img wp-image-88\" srcset=\"https:\/\/latelierdesressources.com\/wp-content\/uploads\/2025\/08\/23-scaled.jpg 1709w, https:\/\/latelierdesressources.com\/wp-content\/uploads\/2025\/08\/23-200x300.jpg 200w, https:\/\/latelierdesressources.com\/wp-content\/uploads\/2025\/08\/23-683x1024.jpg 683w, https:\/\/latelierdesressources.com\/wp-content\/uploads\/2025\/08\/23-768x1151.jpg 768w, https:\/\/latelierdesressources.com\/wp-content\/uploads\/2025\/08\/23-1025x1536.jpg 1025w\" sizes=\"auto, (max-width: 1709px) 100vw, 1709px\" \/><\/div><\/figure><\/div>\n<\/div><\/div>\n\n\n<style>.kadence-column47_1cba24-30 > .kt-inside-inner-col,.kadence-column47_1cba24-30 > .kt-inside-inner-col:before{border-top-left-radius:0px;border-top-right-radius:0px;border-bottom-right-radius:0px;border-bottom-left-radius:0px;}.kadence-column47_1cba24-30 > .kt-inside-inner-col{column-gap:var(--global-kb-gap-sm, 1rem);}.kadence-column47_1cba24-30 > .kt-inside-inner-col{flex-direction:column;}.kadence-column47_1cba24-30 > .kt-inside-inner-col > .aligncenter{width:100%;}.kadence-column47_1cba24-30 > .kt-inside-inner-col:before{opacity:0.3;}.kadence-column47_1cba24-30{position:relative;}.kadence-column47_1cba24-30, .kt-inside-inner-col > .kadence-column47_1cba24-30:not(.specificity){margin-left:50px;}@media all and (max-width: 1024px){.kadence-column47_1cba24-30 > .kt-inside-inner-col{flex-direction:column;justify-content:center;}}@media all and (max-width: 1024px){.kadence-column47_1cba24-30, .kt-inside-inner-col > .kadence-column47_1cba24-30:not(.specificity){margin-top:0px;margin-right:0px;margin-bottom:0px;margin-left:0px;}}@media all and (max-width: 767px){.kadence-column47_1cba24-30 > .kt-inside-inner-col{flex-direction:column;justify-content:center;}.kadence-column47_1cba24-30, .kt-inside-inner-col > .kadence-column47_1cba24-30:not(.specificity){margin-top:0px;margin-right:0px;margin-bottom:0px;margin-left:0px;}}<\/style>\n<div class=\"wp-block-kadence-column kadence-column47_1cba24-30 inner-column-2\"><div class=\"kt-inside-inner-col\">\n<p>Actuellement <strong>en poste au sein d\u2019une entreprise<\/strong>, j\u2019ai souhait\u00e9 <strong>enrichir mon parcours<\/strong> en me tournant vers <strong>l\u2019accompagnement des personnes<\/strong>. <strong>L\u2019attention port\u00e9e \u00e0 l\u2019autre<\/strong> a toujours occup\u00e9 une <strong>place essentielle<\/strong> dans ma vie. <strong>Anim\u00e9e par la recherche d\u2019\u00e9quilibre et de mieux-\u00eatre<\/strong>, j\u2019ai naturellement choisi de me <strong>former \u00e0 la sophrologie<\/strong>.<\/p>\n\n\n\n<p>Cette approche me permet aujourd\u2019hui de <strong>partager des outils concrets<\/strong> pour <strong>aider chacun \u00e0 traverser les diff\u00e9rentes \u00e9tapes de la vie<\/strong> avec plus de <strong>s\u00e9r\u00e9nit\u00e9<\/strong> et de <strong>confiance<\/strong>.<br>Je suis <strong>dipl\u00f4m\u00e9e de l\u2019Institut de Formation des Sophrologues Professionnels <a href=\"https:\/\/ifsp-lyon.fr\/\">(IFSP Lyon \u2013 Qualiopi)<\/a><\/strong> et <strong>membre du Syndicat des Sophrologues Ind\u00e9pendants <a href=\"https:\/\/www.syndicat-sophrologues-independant.fr\/\">(SSI)<\/a><\/strong>.<\/p>\n\n\n\n<p>J\u2019ai suivi une <strong>formation de 427 heures sur 18 mois<\/strong>, enti\u00e8rement <strong>en pr\u00e9sentiel<\/strong>, \u00e0 laquelle j\u2019ai ajout\u00e9 des <strong>sp\u00e9cialisations<\/strong> :<\/p>\n\n\n\n<ul class=\"wp-block-list\">\n<li><strong>Gestion du stress et des \u00e9motions<\/strong><\/li>\n\n\n\n<li><strong>Stress et parentalit\u00e9<\/strong><\/li>\n\n\n\n<li><strong>Sophrologie pour enfants<\/strong><\/li>\n\n\n\n<li><strong>Sommeil et r\u00e9cup\u00e9ration<\/strong><\/li>\n\n\n\n<li><strong>Troubles du comportement alimentaire<\/strong><\/li>\n<\/ul>\n\n\n\n<p>Mes <strong>valeurs<\/strong> : <strong>bienveillance<\/strong>, <strong>empathie<\/strong>, <strong>gentillesse<\/strong>, <strong>respect<\/strong> et <strong>loyaut\u00e9<\/strong>.<\/p>\n\n\n\n<p>Gr\u00e2ce \u00e0 mes <strong>exp\u00e9riences en cours collectifs<\/strong> et en <strong>s\u00e9ances individuelles<\/strong>, j\u2019ai d\u00e9velopp\u00e9 une <strong>capacit\u00e9 d\u2019adaptation<\/strong> me permettant de <strong>proposer la sophrologie \u00e0 des publics vari\u00e9s<\/strong>.<\/p>\n\n\n\n<p>J\u2019ai choisi le nom <strong>Atelier des Ressources<\/strong> car je suis convaincue que <strong>nous portons en nous tout ce dont nous avons besoin<\/strong>. Il suffit parfois de <strong>prendre le temps de reconna\u00eetre ces ressources<\/strong>, de <strong>les accueillir<\/strong> et de <strong>les ajuster selon les situations<\/strong>.<\/p>\n\n\n\n<p>Comme un <strong>artisan dans son atelier<\/strong>, gr\u00e2ce \u00e0 <strong>nos outils<\/strong> et \u00e0 <strong>nos capacit\u00e9s<\/strong>, nous pouvons <strong>d\u00e9couvrir<\/strong>, <strong>conqu\u00e9rir<\/strong> et <strong>transformer<\/strong> pour vivre avec plus de <strong>clart\u00e9<\/strong>, de <strong>s\u00e9r\u00e9nit\u00e9<\/strong> et de <strong>patience<\/strong>.<br>La <strong>sophrologie<\/strong> m\u2019a permis d\u2019<strong>explorer cet espace int\u00e9rieur<\/strong>, et c\u2019est avec <strong>simplicit\u00e9<\/strong> et <strong>enthousiasme<\/strong> que je <strong>partage aujourd\u2019hui ce chemin<\/strong>.<\/p>\n\n\n\n<p>L\u2019<strong>Atelier des Ressources<\/strong> vous accueille \u00e0 <strong><a href=\"https:\/\/lamaisonee.wixsite.com\/bienvenue\">La MaisoN\u00e9e<\/a><\/strong>, le <strong>mardi<\/strong> en <strong>individuel<\/strong> \u00e0 partir de <strong>18 heures<\/strong>, sur <strong>rendez-vous<\/strong>, et le <strong>jeudi soir<\/strong> en <strong>cours collectifs<\/strong>.<\/p>\n\n\n\n<p><strong>Curieuse<\/strong> et <strong>cr\u00e9ative<\/strong>, je suis \u00e0 <strong>l\u2019\u00e9coute de vos besoins<\/strong> pour construire un <strong>accompagnement simple, r\u00e9aliste et personnalis\u00e9<\/strong>.<\/p>\n\n\n<style>.wp-block-kadence-advancedbtn.kb-btns47_2417f5-a0{gap:var(--global-kb-gap-xs, 0.5rem );justify-content:center;align-items:center;}.kt-btns47_2417f5-a0 .kt-button{font-weight:normal;font-style:normal;}.kt-btns47_2417f5-a0 .kt-btn-wrap-0{margin-right:5px;}.wp-block-kadence-advancedbtn.kt-btns47_2417f5-a0 .kt-btn-wrap-0 .kt-button{color:#555555;border-color:#555555;}.wp-block-kadence-advancedbtn.kt-btns47_2417f5-a0 .kt-btn-wrap-0 .kt-button:hover, .wp-block-kadence-advancedbtn.kt-btns47_2417f5-a0 .kt-btn-wrap-0 .kt-button:focus{color:#ffffff;border-color:#444444;}.wp-block-kadence-advancedbtn.kt-btns47_2417f5-a0 .kt-btn-wrap-0 .kt-button::before{display:none;}.wp-block-kadence-advancedbtn.kt-btns47_2417f5-a0 .kt-btn-wrap-0 .kt-button:hover, .wp-block-kadence-advancedbtn.kt-btns47_2417f5-a0 .kt-btn-wrap-0 .kt-button:focus{background:#444444;}<\/style>\n<div class=\"wp-block-kadence-advancedbtn kb-buttons-wrap kb-btns47_2417f5-a0\"><style>ul.menu .wp-block-kadence-advancedbtn .kb-btn47_86e9b9-96.kb-button{width:initial;}<\/style><a class=\"kb-button kt-button button kb-btn47_86e9b9-96 kt-btn-size-standard kt-btn-width-type-auto kb-btn-global-outline kt-btn-has-text-true kt-btn-has-svg-false  wp-block-kadence-singlebtn\" href=\"https:\/\/latelierdesressources.com\/index.php\/contact\"><span class=\"kt-btn-inner-text\">Contactez moi<\/span><\/a><\/div>\n<\/div><\/div>\n\n<\/div><\/div>\n\n<style>.kb-gallery-id-47_46b440-77.kb-gallery-ul.kb-gallery-type-fluidcarousel .kt-blocks-carousel figure .kb-gal-image-radius, .kb-gallery-id-47_46b440-77.kb-gallery-ul.kb-gallery-type-fluidcarousel .kt-blocks-carousel figure .kb-gal-image-radius img{height:136px;}.kb-gallery-id-47_46b440-77 .kadence-blocks-gallery-item .kb-gal-image-radius, .kb-gallery-id-47_46b440-77 .kb-slide-item .kb-gal-image-radius img{border-radius:0px 0px 0px 0px;;}.kb-gallery-wrap-id-47_46b440-77.wp-block-kadence-advancedgallery{overflow:visible;}.kb-gallery-wrap-id-47_46b440-77.wp-block-kadence-advancedgallery .kt-blocks-carousel{overflow:visible;max-width:100%;}<\/style><div class=\"kb-gallery-wrap-id-47_46b440-77 alignnone wp-block-kadence-advancedgallery\"><div class=\"kb-gallery-ul kb-gallery-non-static kb-gallery-type-fluidcarousel kb-gallery-id-47_46b440-77 kb-gallery-caption-style-bottom-hover kb-gallery-filter-none\" data-image-filter=\"none\" data-lightbox-caption=\"true\"><div class=\"kt-blocks-carousel kt-carousel-container-dotstyle-dark\"><div class=\"kt-blocks-carousel-init kb-blocks-fluid-carousel kt-carousel-arrowstyle-whiteondark kt-carousel-dotstyle-dark kb-slider-group-arrow kb-slider-arrow-position-center\" data-slider-anim-speed=\"400\" data-slider-scroll=\"1\" data-slider-arrows=\"true\" data-slider-dots=\"true\" data-slider-hover-pause=\"false\" data-slider-auto=\"\" data-slider-speed=\"7000\" data-slider-type=\"fluidcarousel\" data-slider-center-mode=\"true\" data-slider-gap=\"200px\" data-slider-gap-tablet=\"200px\" data-slider-gap-mobile=\"200px\" data-show-pause-button=\"false\"><li class=\"kb-slide-item kb-gallery-carousel-item\"><div class=\"kadence-blocks-gallery-item\"><div class=\"kadence-blocks-gallery-item-inner\"><figure class=\"kb-gallery-figure kadence-blocks-gallery-item-hide-caption\"><div class=\"kb-gal-image-radius\"><div class=\"kb-gallery-image-contain\" ><img loading=\"lazy\" decoding=\"async\" src=\"https:\/\/latelierdesressources.com\/wp-content\/uploads\/2025\/11\/LOGO-NOUVEAU-VERSION-2-PLUS-PETIT-Copie.jpg\" width=\"1134\" height=\"1005\" alt=\"\" data-full-image=\"https:\/\/latelierdesressources.com\/wp-content\/uploads\/2025\/11\/LOGO-NOUVEAU-VERSION-2-PLUS-PETIT-Copie.jpg\" data-light-image=\"https:\/\/latelierdesressources.com\/wp-content\/uploads\/2025\/11\/LOGO-NOUVEAU-VERSION-2-PLUS-PETIT-Copie.jpg\" data-id=\"275\" class=\"wp-image-275 skip-lazy\" srcset=\"https:\/\/latelierdesressources.com\/wp-content\/uploads\/2025\/11\/LOGO-NOUVEAU-VERSION-2-PLUS-PETIT-Copie.jpg 1134w, https:\/\/latelierdesressources.com\/wp-content\/uploads\/2025\/11\/LOGO-NOUVEAU-VERSION-2-PLUS-PETIT-Copie-300x266.jpg 300w, https:\/\/latelierdesressources.com\/wp-content\/uploads\/2025\/11\/LOGO-NOUVEAU-VERSION-2-PLUS-PETIT-Copie-1024x908.jpg 1024w, https:\/\/latelierdesressources.com\/wp-content\/uploads\/2025\/11\/LOGO-NOUVEAU-VERSION-2-PLUS-PETIT-Copie-768x681.jpg 768w\" sizes=\"auto, (max-width: 1134px) 100vw, 1134px\" \/><\/div><\/div><\/figure><\/div><\/div><\/li><li class=\"kb-slide-item kb-gallery-carousel-item\"><div class=\"kadence-blocks-gallery-item\"><div class=\"kadence-blocks-gallery-item-inner\"><figure class=\"kb-gallery-figure kadence-blocks-gallery-item-hide-caption\"><div class=\"kb-gal-image-radius\"><div class=\"kb-gallery-image-contain\" ><img loading=\"lazy\" decoding=\"async\" width=\"571\" height=\"509\" src=\"http:\/\/latelierdesressources.com\/wp-content\/uploads\/2025\/11\/image_2025-11-08_143040822.png\"   alt=\"\" data-full-image=\"http:\/\/latelierdesressources.com\/wp-content\/uploads\/2025\/11\/image_2025-11-08_143040822.png\" data-light-image=\"http:\/\/latelierdesressources.com\/wp-content\/uploads\/2025\/11\/image_2025-11-08_143040822.png\" data-id=\"276\" class=\"wp-image-276 skip-lazy\" srcset=\"https:\/\/latelierdesressources.com\/wp-content\/uploads\/2025\/11\/image_2025-11-08_143040822.png 571w, https:\/\/latelierdesressources.com\/wp-content\/uploads\/2025\/11\/image_2025-11-08_143040822-300x267.png 300w\" sizes=\"auto, (max-width: 571px) 100vw, 571px\" \/><\/div><\/div><\/figure><\/div><\/div><\/li><\/div><\/div><\/div><\/div>\n\n\n<p><\/p>\n","protected":false},"excerpt":{"rendered":"<p>Marie Broizat Une approche douce qui favorise la d\u00e9tente et la gestion du stress. Actuellement en poste au sein d\u2019une entreprise, j\u2019ai souhait\u00e9 enrichir mon parcours en me tournant vers l\u2019accompagnement des personnes. L\u2019attention port\u00e9e \u00e0 l\u2019autre a toujours occup\u00e9 une place essentielle dans ma vie. Anim\u00e9e par la recherche d\u2019\u00e9quilibre et de mieux-\u00eatre, j\u2019ai&#8230;<\/p>\n","protected":false},"author":1,"featured_media":0,"parent":0,"menu_order":0,"comment_status":"closed","ping_status":"closed","template":"","meta":{"_kadence_starter_templates_imported_post":true,"_kad_post_transparent":"","_kad_post_title":"hide","_kad_post_layout":"fullwidth","_kad_post_sidebar_id":"","_kad_post_content_style":"unboxed","_kad_post_vertical_padding":"hide","_kad_post_feature":"hide","_kad_post_feature_position":"","_kad_post_header":false,"_kad_post_footer":false,"footnotes":""},"class_list":["post-47","page","type-page","status-publish","hentry"],"_links":{"self":[{"href":"https:\/\/latelierdesressources.com\/index.php\/wp-json\/wp\/v2\/pages\/47","targetHints":{"allow":["GET"]}}],"collection":[{"href":"https:\/\/latelierdesressources.com\/index.php\/wp-json\/wp\/v2\/pages"}],"about":[{"href":"https:\/\/latelierdesressources.com\/index.php\/wp-json\/wp\/v2\/types\/page"}],"author":[{"embeddable":true,"href":"https:\/\/latelierdesressources.com\/index.php\/wp-json\/wp\/v2\/users\/1"}],"replies":[{"embeddable":true,"href":"https:\/\/latelierdesressources.com\/index.php\/wp-json\/wp\/v2\/comments?post=47"}],"version-history":[{"count":25,"href":"https:\/\/latelierdesressources.com\/index.php\/wp-json\/wp\/v2\/pages\/47\/revisions"}],"predecessor-version":[{"id":325,"href":"https:\/\/latelierdesressources.com\/index.php\/wp-json\/wp\/v2\/pages\/47\/revisions\/325"}],"wp:attachment":[{"href":"https:\/\/latelierdesressources.com\/index.php\/wp-json\/wp\/v2\/media?parent=47"}],"curies":[{"name":"wp","href":"https:\/\/api.w.org\/{rel}","templated":true}]}}